{"id":25,"date":"2012-07-10T10:24:13","date_gmt":"2012-07-10T10:24:13","guid":{"rendered":"http:\/\/clinicanovovisionchina.com\/?page_id=25"},"modified":"2019-05-28T17:24:58","modified_gmt":"2019-05-28T17:24:58","slug":"%e6%88%91%e5%9c%a8%e5%93%aa%e5%84%bf%e5%8f%af%e4%bb%a5%e6%89%8b%e6%9c%af%ef%bc%9f","status":"publish","type":"page","link":"https:\/\/clinicanovovisionchina.com\/?page_id=25","title":{"rendered":"\u6211\u5728\u54ea\u513f\u53ef\u4ee5\u624b\u672f\uff1f"},"content":{"rendered":"<div class=\"fusion-fullwidth fullwidth-box fusion-builder-row-1 nonhundred-percent-fullwidth non-hundred-percent-height-scrolling\" style=\"--awb-border-radius-top-left:0px;--awb-border-radius-top-right:0px;--awb-border-radius-bottom-right:0px;--awb-border-radius-bottom-left:0px;--awb-flex-wrap:wrap;\" ><div class=\"fusion-builder-row fusion-row\"><div class=\"fusion-layout-column fusion_builder_column fusion-builder-column-0 fusion_builder_column_1_2 1_2 fusion-one-half fusion-column-first\" style=\"--awb-bg-size:cover;--awb-margin-bottom:0px;width:48%; margin-right: 4%;\"><div class=\"fusion-column-wrapper fusion-flex-column-wrapper-legacy\"><div class=\"fusion-image-element fusion-image-align-center in-legacy-container\" style=\"text-align:center;--awb-caption-title-font-family:var(--h2_typography-font-family);--awb-caption-title-font-weight:var(--h2_typography-font-weight);--awb-caption-title-font-style:var(--h2_typography-font-style);--awb-caption-title-size:var(--h2_typography-font-size);--awb-caption-title-transform:var(--h2_typography-text-transform);--awb-caption-title-line-height:var(--h2_typography-line-height);--awb-caption-title-letter-spacing:var(--h2_typography-letter-spacing);\"><div class=\"imageframe-align-center\"><span class=\" fusion-imageframe imageframe-none imageframe-1 hover-type-none\" style=\"border-radius:10px;\"><img decoding=\"async\" width=\"1024\" height=\"682\" title=\"_MG_8637\" src=\"https:\/\/clinicanovovisionchina.com\/wp-content\/uploads\/2012\/07\/MG_8637-1024x682.jpg\" alt class=\"img-responsive wp-image-88\" srcset=\"https:\/\/clinicanovovisionchina.com\/wp-content\/uploads\/2012\/07\/MG_8637-300x200.jpg 300w, https:\/\/clinicanovovisionchina.com\/wp-content\/uploads\/2012\/07\/MG_8637-500x333.jpg 500w, https:\/\/clinicanovovisionchina.com\/wp-content\/uploads\/2012\/07\/MG_8637-1024x682.jpg 1024w, https:\/\/clinicanovovisionchina.com\/wp-content\/uploads\/2012\/07\/MG_8637.jpg 1500w\" sizes=\"(max-width: 1024px) 100vw, 1024px\" \/><\/span><\/div><\/div><div class=\"fusion-sep-clear\"><\/div><div class=\"fusion-separator fusion-full-width-sep\" style=\"margin-left: auto;margin-right: auto;margin-bottom:20px;width:100%;\"><div class=\"fusion-separator-border sep-double\" style=\"--awb-height:20px;--awb-amount:20px;border-color:#e0dede;border-top-width:0px;border-bottom-width:0px;\"><\/div><\/div><div class=\"fusion-sep-clear\"><\/div><div class=\"fusion-clearfix\"><\/div><\/div><\/div><div class=\"fusion-layout-column fusion_builder_column fusion-builder-column-1 fusion_builder_column_1_2 1_2 fusion-one-half fusion-column-last\" style=\"--awb-bg-size:cover;--awb-margin-bottom:0px;width:48%;\"><div class=\"fusion-column-wrapper fusion-flex-column-wrapper-legacy\"><div class=\"fusion-text fusion-text-1\"><p style=\"text-align: center;\">\u6211\u4eec\u4e0d\u4ec5\u6709\u4e2d\u6587\u70ed\u7ebf\uff0c\u8fd8\u6709\u514d\u8d39\u5168\u7a0b\u4e2d\u6587\u966a\u540c\u670d\u52a1\u3002<\/p>\n<p style=\"text-align: center;\">\u8054\u7cfb\u7535\u8bdd 652324044 (\u5fae\u4fe1 we chat)<\/p>\n<p><a href=\"http:\/\/clinicanovovisionchina.com\/wp-content\/uploads\/2012\/07\/qr.png\"><img decoding=\"async\" class=\"alignnone size-full wp-image-100 aligncenter\" title=\"qr\" src=\"http:\/\/clinicanovovisionchina.com\/wp-content\/uploads\/2012\/07\/qr.png\" alt=\"\" width=\"226\" height=\"230\" \/><\/a><\/p>\n<\/div><div class=\"fusion-sep-clear\"><\/div><div class=\"fusion-separator fusion-full-width-sep\" style=\"margin-left: auto;margin-right: auto;margin-bottom:20px;width:100%;\"><div class=\"fusion-separator-border sep-double\" style=\"--awb-height:20px;--awb-amount:20px;border-color:#e0dede;border-top-width:0px;border-bottom-width:0px;\"><\/div><\/div><div class=\"fusion-sep-clear\"><\/div><div class=\"fusion-clearfix\"><\/div><\/div><\/div><div class=\"fusion-layout-column fusion_builder_column fusion-builder-column-2 fusion_builder_column_1_1 1_1 fusion-one-full fusion-column-first fusion-column-last\" style=\"--awb-bg-size:cover;--awb-margin-bottom:0px;\"><div class=\"fusion-column-wrapper fusion-flex-column-wrapper-legacy\"><div class=\"fusion-sep-clear\"><\/div><div class=\"fusion-separator fusion-full-width-sep\" style=\"margin-left: auto;margin-right: auto;margin-bottom:20px;width:100%;\"><div class=\"fusion-separator-border sep-double\" style=\"--awb-height:20px;--awb-amount:20px;border-color:#e0dede;border-top-width:0px;border-bottom-width:0px;\"><\/div><\/div><div class=\"fusion-sep-clear\"><\/div><iframe src=\"https:\/\/www.google.com\/maps\/embed?pb=!1m14!1m8!1m3!1d6073.5593800254355!2d-3.6886000000000005!3d40.435877!3m2!1i1024!2i768!4f13.1!3m3!1m2!1s0x0%3A0x36bda66eba7ae58b!2sCl%C3%ADnica+Novovisi%C3%B3n+Madrid!5e0!3m2!1ses!2ses!4v1559064147656!5m2!1ses!2ses\" width=\"100%\" height=\"350\" frameborder=\"0\" style=\"border:0\" allowfullscreen><\/iframe><div class=\"fusion-sep-clear\"><\/div><div class=\"fusion-separator fusion-full-width-sep\" style=\"margin-left: auto;margin-right: auto;margin-bottom:20px;width:100%;\"><div class=\"fusion-separator-border sep-double\" style=\"--awb-height:20px;--awb-amount:20px;border-color:#e0dede;border-top-width:0px;border-bottom-width:0px;\"><\/div><\/div><div class=\"fusion-sep-clear\"><\/div><iframe src=\"https:\/\/www.google.com\/maps\/embed?pb=!1m14!1m8!1m3!1d6288.901710734667!2d-1.133165!3d37.989943!3m2!1i1024!2i768!4f13.1!3m3!1m2!1s0x0%3A0x2cc7a31940c90d97!2sCl%C3%ADnica+Novovisi%C3%B3n+Murcia!5e0!3m2!1ses!2ses!4v1559064219444!5m2!1ses!2ses\" width=\"100%\" height=\"350\" frameborder=\"0\" style=\"border:0\" allowfullscreen><\/iframe><div class=\"fusion-sep-clear\"><\/div><div class=\"fusion-separator fusion-full-width-sep\" style=\"margin-left: auto;margin-right: auto;margin-bottom:20px;width:100%;\"><div class=\"fusion-separator-border sep-double\" style=\"--awb-height:20px;--awb-amount:20px;border-color:#e0dede;border-top-width:0px;border-bottom-width:0px;\"><\/div><\/div><div class=\"fusion-sep-clear\"><\/div><iframe src=\"https:\/\/www.google.com\/maps\/embed?pb=!1m14!1m8!1m3!1d6386.722536764811!2d-2.461767!3d36.833823!3m2!1i1024!2i768!4f13.1!3m3!1m2!1s0x0%3A0x9cab13eeb3e0d31d!2sNovovision+Almer%C3%ADa!5e0!3m2!1ses!2ses!4v1559064272588!5m2!1ses!2ses\" width=\"100%\" height=\"350\" frameborder=\"0\" style=\"border:0\" allowfullscreen><\/iframe><div class=\"fusion-sep-clear\"><\/div><div class=\"fusion-separator fusion-full-width-sep\" style=\"margin-left: auto;margin-right: auto;margin-bottom:20px;width:100%;\"><div class=\"fusion-separator-border sep-double\" style=\"--awb-height:20px;--awb-amount:20px;border-color:#e0dede;border-top-width:0px;border-bottom-width:0px;\"><\/div><\/div><div class=\"fusion-sep-clear\"><\/div><div class=\"fusion-clearfix\"><\/div><\/div><\/div><\/div><\/div>\n","protected":false},"excerpt":{"rendered":"","protected":false},"author":1,"featured_media":0,"parent":0,"menu_order":0,"comment_status":"closed","ping_status":"open","template":"","meta":{"footnotes":""},"yoast_head":"<!-- This site is optimized with the Yoast SEO plugin v22.8 - https:\/\/yoast.com\/wordpress\/plugins\/seo\/ -->\n<title>\u6211\u5728\u54ea\u513f\u53ef\u4ee5\u624b\u672f\uff1f - Novovisi\u00f3n China<\/title>\n<meta name=\"robots\" content=\"index, follow, max-snippet:-1, max-image-preview:large, max-video-preview:-1\" \/>\n<link rel=\"canonical\" href=\"https:\/\/clinicanovovisionchina.com\/?page_id=25\" \/>\n<meta property=\"og:locale\" content=\"es_ES\" \/>\n<meta property=\"og:type\" content=\"article\" \/>\n<meta property=\"og:title\" content=\"\u6211\u5728\u54ea\u513f\u53ef\u4ee5\u624b\u672f\uff1f - Novovisi\u00f3n China\" \/>\n<meta property=\"og:url\" content=\"https:\/\/clinicanovovisionchina.com\/?page_id=25\" \/>\n<meta property=\"og:site_name\" content=\"Novovisi\u00f3n China\" \/>\n<meta property=\"article:modified_time\" content=\"2019-05-28T17:24:58+00:00\" \/>\n<meta property=\"og:image\" content=\"http:\/\/clinicanovovisionchina.com\/wp-content\/uploads\/2012\/07\/qr.png\" \/>\n<meta name=\"twitter:card\" content=\"summary_large_image\" \/>\n<meta name=\"twitter:label1\" content=\"Tiempo de lectura\" \/>\n\t<meta name=\"twitter:data1\" content=\"4 minutos\" \/>\n<script type=\"application\/ld+json\" class=\"yoast-schema-graph\">{\"@context\":\"https:\/\/schema.org\",\"@graph\":[{\"@type\":\"WebPage\",\"@id\":\"https:\/\/clinicanovovisionchina.com\/?page_id=25\",\"url\":\"https:\/\/clinicanovovisionchina.com\/?page_id=25\",\"name\":\"\u6211\u5728\u54ea\u513f\u53ef\u4ee5\u624b\u672f\uff1f - Novovisi\u00f3n China\",\"isPartOf\":{\"@id\":\"https:\/\/clinicanovovisionchina.com\/#website\"},\"primaryImageOfPage\":{\"@id\":\"https:\/\/clinicanovovisionchina.com\/?page_id=25#primaryimage\"},\"image\":{\"@id\":\"https:\/\/clinicanovovisionchina.com\/?page_id=25#primaryimage\"},\"thumbnailUrl\":\"http:\/\/clinicanovovisionchina.com\/wp-content\/uploads\/2012\/07\/qr.png\",\"datePublished\":\"2012-07-10T10:24:13+00:00\",\"dateModified\":\"2019-05-28T17:24:58+00:00\",\"breadcrumb\":{\"@id\":\"https:\/\/clinicanovovisionchina.com\/?page_id=25#breadcrumb\"},\"inLanguage\":\"es\",\"potentialAction\":[{\"@type\":\"ReadAction\",\"target\":[\"https:\/\/clinicanovovisionchina.com\/?page_id=25\"]}]},{\"@type\":\"ImageObject\",\"inLanguage\":\"es\",\"@id\":\"https:\/\/clinicanovovisionchina.com\/?page_id=25#primaryimage\",\"url\":\"http:\/\/clinicanovovisionchina.com\/wp-content\/uploads\/2012\/07\/qr.png\",\"contentUrl\":\"http:\/\/clinicanovovisionchina.com\/wp-content\/uploads\/2012\/07\/qr.png\"},{\"@type\":\"BreadcrumbList\",\"@id\":\"https:\/\/clinicanovovisionchina.com\/?page_id=25#breadcrumb\",\"itemListElement\":[{\"@type\":\"ListItem\",\"position\":1,\"name\":\"Portada\",\"item\":\"https:\/\/clinicanovovisionchina.com\/\"},{\"@type\":\"ListItem\",\"position\":2,\"name\":\"\u6211\u5728\u54ea\u513f\u53ef\u4ee5\u624b\u672f\uff1f\"}]},{\"@type\":\"WebSite\",\"@id\":\"https:\/\/clinicanovovisionchina.com\/#website\",\"url\":\"https:\/\/clinicanovovisionchina.com\/\",\"name\":\"Novovisi\u00f3n China\",\"description\":\"Cl\u00ednica Oftalmol\u00f3gica\",\"potentialAction\":[{\"@type\":\"SearchAction\",\"target\":{\"@type\":\"EntryPoint\",\"urlTemplate\":\"https:\/\/clinicanovovisionchina.com\/?s={search_term_string}\"},\"query-input\":\"required name=search_term_string\"}],\"inLanguage\":\"es\"}]}<\/script>\n<!-- \/ Yoast SEO plugin. -->","yoast_head_json":{"title":"\u6211\u5728\u54ea\u513f\u53ef\u4ee5\u624b\u672f\uff1f - Novovisi\u00f3n China","robots":{"index":"index","follow":"follow","max-snippet":"max-snippet:-1","max-image-preview":"max-image-preview:large","max-video-preview":"max-video-preview:-1"},"canonical":"https:\/\/clinicanovovisionchina.com\/?page_id=25","og_locale":"es_ES","og_type":"article","og_title":"\u6211\u5728\u54ea\u513f\u53ef\u4ee5\u624b\u672f\uff1f - Novovisi\u00f3n China","og_url":"https:\/\/clinicanovovisionchina.com\/?page_id=25","og_site_name":"Novovisi\u00f3n China","article_modified_time":"2019-05-28T17:24:58+00:00","og_image":[{"url":"http:\/\/clinicanovovisionchina.com\/wp-content\/uploads\/2012\/07\/qr.png"}],"twitter_card":"summary_large_image","twitter_misc":{"Tiempo de lectura":"4 minutos"},"schema":{"@context":"https:\/\/schema.org","@graph":[{"@type":"WebPage","@id":"https:\/\/clinicanovovisionchina.com\/?page_id=25","url":"https:\/\/clinicanovovisionchina.com\/?page_id=25","name":"\u6211\u5728\u54ea\u513f\u53ef\u4ee5\u624b\u672f\uff1f - Novovisi\u00f3n China","isPartOf":{"@id":"https:\/\/clinicanovovisionchina.com\/#website"},"primaryImageOfPage":{"@id":"https:\/\/clinicanovovisionchina.com\/?page_id=25#primaryimage"},"image":{"@id":"https:\/\/clinicanovovisionchina.com\/?page_id=25#primaryimage"},"thumbnailUrl":"http:\/\/clinicanovovisionchina.com\/wp-content\/uploads\/2012\/07\/qr.png","datePublished":"2012-07-10T10:24:13+00:00","dateModified":"2019-05-28T17:24:58+00:00","breadcrumb":{"@id":"https:\/\/clinicanovovisionchina.com\/?page_id=25#breadcrumb"},"inLanguage":"es","potentialAction":[{"@type":"ReadAction","target":["https:\/\/clinicanovovisionchina.com\/?page_id=25"]}]},{"@type":"ImageObject","inLanguage":"es","@id":"https:\/\/clinicanovovisionchina.com\/?page_id=25#primaryimage","url":"http:\/\/clinicanovovisionchina.com\/wp-content\/uploads\/2012\/07\/qr.png","contentUrl":"http:\/\/clinicanovovisionchina.com\/wp-content\/uploads\/2012\/07\/qr.png"},{"@type":"BreadcrumbList","@id":"https:\/\/clinicanovovisionchina.com\/?page_id=25#breadcrumb","itemListElement":[{"@type":"ListItem","position":1,"name":"Portada","item":"https:\/\/clinicanovovisionchina.com\/"},{"@type":"ListItem","position":2,"name":"\u6211\u5728\u54ea\u513f\u53ef\u4ee5\u624b\u672f\uff1f"}]},{"@type":"WebSite","@id":"https:\/\/clinicanovovisionchina.com\/#website","url":"https:\/\/clinicanovovisionchina.com\/","name":"Novovisi\u00f3n China","description":"Cl\u00ednica Oftalmol\u00f3gica","potentialAction":[{"@type":"SearchAction","target":{"@type":"EntryPoint","urlTemplate":"https:\/\/clinicanovovisionchina.com\/?s={search_term_string}"},"query-input":"required name=search_term_string"}],"inLanguage":"es"}]}},"_links":{"self":[{"href":"https:\/\/clinicanovovisionchina.com\/index.php?rest_route=\/wp\/v2\/pages\/25"}],"collection":[{"href":"https:\/\/clinicanovovisionchina.com\/index.php?rest_route=\/wp\/v2\/pages"}],"about":[{"href":"https:\/\/clinicanovovisionchina.com\/index.php?rest_route=\/wp\/v2\/types\/page"}],"author":[{"embeddable":true,"href":"https:\/\/clinicanovovisionchina.com\/index.php?rest_route=\/wp\/v2\/users\/1"}],"replies":[{"embeddable":true,"href":"https:\/\/clinicanovovisionchina.com\/index.php?rest_route=%2Fwp%2Fv2%2Fcomments&post=25"}],"version-history":[{"count":15,"href":"https:\/\/clinicanovovisionchina.com\/index.php?rest_route=\/wp\/v2\/pages\/25\/revisions"}],"predecessor-version":[{"id":154,"href":"https:\/\/clinicanovovisionchina.com\/index.php?rest_route=\/wp\/v2\/pages\/25\/revisions\/154"}],"wp:attachment":[{"href":"https:\/\/clinicanovovisionchina.com\/index.php?rest_route=%2Fwp%2Fv2%2Fmedia&parent=25"}],"curies":[{"name":"wp","href":"https:\/\/api.w.org\/{rel}","templated":true}]}}