{"id":21,"date":"2012-07-10T10:18:40","date_gmt":"2012-07-10T10:18:40","guid":{"rendered":"http:\/\/clinicanovovisionchina.com\/?page_id=21"},"modified":"2019-05-28T17:07:42","modified_gmt":"2019-05-28T17:07:42","slug":"%e5%85%b3%e4%ba%8e%e6%bf%80%e5%85%89%e6%89%8b%e6%9c%af","status":"publish","type":"page","link":"https:\/\/clinicanovovisionchina.com\/?page_id=21","title":{"rendered":"\u5173\u4e8e\u6fc0\u5149\u624b\u672f"},"content":{"rendered":"<h2><strong>\u5c48\u5149\u6fc0\u5149\u624b\u672f<\/strong><\/h2>\n<p>&nbsp;<\/p>\n<p><strong>\u5c48\u5149\u6fc0\u5149\u624b\u672f\u6539\u53d8\u4e86\u6570\u4ee5\u4e07\u8ba1\u7684\u8fd1\u89c6\uff0c\u8fdc\u89c6\u548c\u6563\u5149\u60a3\u8005\u7684\u751f\u6d3b\u65b9\u5f0f\uff0c\u56e0\u4e3a\u4ed6\u4eec\u7ec8\u4e8e\u53ef\u4ee5\u4e0d\u518d\u4f9d\u8d56\u773c\u955c\u548c\u9690\u5f62\u773c\u955c\uff0c\u5c31\u80fd\u6709\u5065\u5eb7\u6b63\u5e38\u7684\u89c6\u529b\u3002<\/strong><\/p>\n<p><strong>\u5728<\/strong><strong>Novovision\u6211\u4eec\u4e3a\u8fd1\u89c6\uff0c\u8fdc\u89c6\u548c\u6563\u5149\u7b49\u5c48\u5149\u95ee\u9898\u63d0\u4f9b\u4e86\u4e0d\u540c\u7684\u6fc0\u5149\u6280\u672f\u3002\u5728\u63a5\u53d7\u624b\u672f\u4e4b\u524d\uff0c\u6211\u4eec\u7684\u9a8c\u5149\u533b\u5e08\u4f1a\u5bf9\u4f60\u7684\u773c\u775b\u505a\u5168\u9762\u5f7b\u5e95\u7684\u68c0\u67e5\uff0c<\/strong>(\u672f\u524d\u68c0\u67e5\u662f\u5b8c\u5168\u65e0\u75db\u7684)\uff0c\u83b7\u53d6\u6240\u6709\u7684\u773c\u775b\u4fe1\u606f\uff0c\u4e3a\u4e4b\u540e\u7684\u5c48\u5149\u624b\u672f\u63d0\u4f9b\u7cbe\u51c6\u548c\u5b89\u5168\u7684\u4fdd\u8bc1\u3002<\/p>\n<p><strong>\u6fc0\u5149\u6280\u672f<\/strong><\/p>\n<p><strong>\u51c6\u5206\u5b50\u6fc0\u5149\u624b\u672f<\/strong><\/p>\n<p>&nbsp;<\/p>\n<h2><strong>\u624b\u672f\u8fc7\u7a0b\u6709\u4e24\u4e2a\u90e8\u5206<\/strong><\/h2>\n<p><strong>1\uff0e\u7b2c\u4e00\u6b65\u533b\u5e08\u7528\u5fae\u578b\u89d2\u819c\u5200\uff08\u9ad8\u7cbe\u5ea6\u673a\u68b0\u5200\u7247\uff09\u5728\u89d2\u819c\u7684\u6700\u4e0a\u5c42\u5236\u505a\u4e00\u4e2a\u975e\u5e38\u8584\u7684\u89d2\u819c\u74e3\u3002<\/strong><\/p>\n<p><strong>2\uff0e\u5e94\u7528\u6fc0\u5149\u5728\u89d2\u819c\u57fa\u5c42\u4e0a\u9576\u78e8\uff0c\u4ece\u800c\u77eb\u6b63\u5c48\u5149\u4e0d\u6b63\u95ee\u9898\u3002\u6fc0\u5149\u5b8c\u6210\u540e\uff0c\u4e0a\u5c42\u7684\u89d2\u819c\u74e3\u4f1a\u91cd\u65b0\u653e\u56de\u89d2\u819c\u8868\u9762\uff0c\u4f7f\u89d2\u819c\u7ec6\u80de\u91cd\u65b0\u751f\u957f\u3002<\/strong><\/p>\n<p>&nbsp;<\/p>\n<h2><strong>\u4f18\u70b9<\/strong><\/h2>\n<ol>\n<li>\u6709\u6548\u548c\u5b89\u5168\u7684\u77eb\u6b63\u8fd1\u89c6\uff0c\u8fdc\u89c6\u548c\u6563\u5149\u7b49\u5c48\u5149\u95ee\u9898\u3002<\/li>\n<li>\u624b\u672f\u5feb\u901f\uff0c\u53ea\u9700\u5c40\u90e8\u9ebb\u9189\u3002 \u624b\u672f\u6301\u7eed\u51e0\u5206\u949f\uff0c\u4e0d\u9700\u8981\u4f4f\u9662\u6cbb\u7597\u3002<\/li>\n<li>\u5feb\u901f\u6062\u590d\uff0c\u672f\u540e\u7684\u51e0\u4e2a\u5c0f\u65f6\uff0c\u4f60\u5c31\u53ef\u4ee5\u4e0d\u7528\u6234\u773c\u955c\u770b\u7535\u89c6\u6216\u505a\u5176\u4ed6\u7684\u4e8b\u60c5\u3002<\/li>\n<\/ol>\n<p>&nbsp;<\/p>\n<h2><strong>\u672f\u540e\u6062\u590d<\/strong><\/h2>\n<ol>\n<li>\u60a3\u8005\u672f\u540e\u5f53\u5929\u5c31\u53ef\u4ee5\u81ea\u884c\u79bb\u5f00\u8bca\u6240\u3002<\/li>\n<li>\u4e00\u822c\u60a3\u8005\u572824\u5c0f\u65f6\u5185\u5c31\u80fd\u6062\u590d\u65e5\u5e38\u6d3b\u52a8\uff0c\u4f46\u662f\u5b8c\u5168\u6062\u590d\u7684\u65f6\u95f4\u8fd8\u53d6\u51b3\u4e8e\u4e4b\u524d\u7684\u5c48\u5149\u8fd1\u89c6\u5ea6\u6570\u548c\u624b\u672f\u5e72\u9884\u7a0b\u5ea6\u3002<\/li>\n<li>\u6839\u636e\u533b\u5e08\u7684\u8bc4\u4f30\u901a\u5e384\u52306\u4e2a\u6708\u4e4b\u540e\u5c31\u65e0\u9700\u518d\u6765\u8bca\u6240\u590d\u8bca\u4e86\u3002<\/li>\n<\/ol>\n<p>&nbsp;<\/p>\n<h2><strong>\u98de\u79d2\u6fc0\u5149<\/strong><\/h2>\n<p>\u98de\u79d2\u6fc0\u5149\u5206\u79bb\u89d2\u819c\u5c42\u7684\u7cbe\u51c6\u5ea6\u548c\u5b89\u5168\u5ea6\u6bd4LASIK\u4e2d\u4f7f\u7528\u7684\u5fae\u578b\u89d2\u819c\u5200\u5927100\u500d\uff0c\u800c\u4e14\u65e0\u9700\u8fdb\u884c\u4efb\u4f55\u5207\u5272\u3002\u98de\u79d2\u6fc0\u5149\u4e5f\u53ef\u4ee5\u8fd0\u7528\u5230\u9ad8\u5c48\u5149\u5ea6\u6570\uff0c\u89d2\u819c\u8fc7\u8584\u548c\u5706\u9525\u578b\u89d2\u819c\u95ee\u9898\u7684\u60a3\u8005\u8eab\u4e0a\u3002<\/p>\n<p>&nbsp;<\/p>\n<h2><strong>\u624b\u672f\u8fc7\u7a0b\u6709\u4e24\u4e2a\u90e8\u5206<\/strong><\/h2>\n<p>1\u00a0\u00a0\u00a0\u00a0\u00a0 \u6fc0\u5149\u5206\u79bb\u4e0a\u5c42\u89d2\u819c<\/p>\n<p>\u9996\u5148\u8ba1\u7b97\u673a\u7684\u5fae\u6444\u50cf\u51c6\u786e\u5730\u6355\u6349\u5230\u60a3\u8005\u7684\u773c\u775b\u56fe\u50cf\uff0c\u7136\u540e\u628a\u5df2\u7ecf\u7f16\u5165\u7a0b\u5e8f\u7684\u60a3\u8005\u7684\u89d2\u819c\u4fe1\u606f\u548c\u773c\u775b\u56fe\u50cf\u7ed3\u5408\u5728\u4e00\u8d77\uff0c\u6700\u540e\u7528\u6fc0\u5149\u7cbe\u786e\u5b89\u5168\u5747\u5300\u5730\u5206\u79bb\u4e0a\u5c42\u89d2\u819c\u3002<\/p>\n<p>2\u00a0\u00a0\u00a0\u00a0\u00a0 \u98de\u79d2\u6fc0\u5149\u77eb\u6b63\u5c48\u5149\u5ea6<\/p>\n<p>\u76f8\u6bd4LASIK\u6280\u672f\uff0c\u98de\u79d2\u6fc0\u5149\u5728\u89d2\u819c\u57fa\u5c42\u4e0a<strong>\u6d88\u878d\u7684\u533a\u57df\u66f4\u96c6\u4e2d\u66f4\u7cbe\u51c6<\/strong>\uff0c\u4ece\u800c\u80fd\u6b63\u786e\u5730\u77eb\u6b63\u60a3\u8005\u7684\u5c48\u5149\u5ea6\u6570\u3002<\/p>\n<p>&nbsp;<\/p>\n<h2><strong>\u4f18\u70b9<\/strong><\/h2>\n<ol>\n<li>\u7edd\u5bf9\u7684\u9ad8\u6548\uff0c\u5b89\u5168\uff0c\u7cbe\u51c6\u3002<\/li>\n<li>\u624b\u672f\u8fc7\u7a0b\u53ea\u7528\u5230\u6fc0\u5149\uff0c\u4e0d\u7528\u5230\u4efb\u4f55\u5f62\u5f0f\u7684\u624b\u672f\u5200\u3002<\/li>\n<li>\u76f8\u6bd4LASIK\uff0c\u6fc0\u5149\u6d88\u878d\u4f7f\u89d2\u819c\u53d7\u635f\u7a0b\u5ea6\u964d\u4f4e\u3002\u8fd8\u80fd\u8fd0\u7528\u4e8e\u9ad8\u5ea6\u5c48\u5149\u8fd1\u89c6\uff0c\u89d2\u819c\u8fc7\u8584\u548c\u5706\u9525\u578b\u89d2\u819c\u7b49\u95ee\u9898\u7684\u60a3\u8005\u3002<\/li>\n<\/ol>\n<p>&nbsp;<\/p>\n<h2><strong>\u672f\u540e\u6062\u590d<\/strong><\/h2>\n<ol>\n<li>\u60a3\u8005\u672f\u540e\u5f53\u5929\u5c31\u53ef\u4ee5\u81ea\u884c\u79bb\u5f00\u8bca\u6240\u3002<\/li>\n<li>\u4e00\u822c\u60a3\u8005\u572824\u5c0f\u65f6\u5185\u5c31\u80fd\u6062\u590d\u65e5\u5e38\u6d3b\u52a8\uff0c\u4f46\u662f\u5b8c\u5168\u6062\u590d\u7684\u65f6\u95f4\u8fd8\u53d6\u51b3\u4e8e\u4e4b\u524d\u7684\u5c48\u5149\u8fd1\u89c6\u5ea6\u6570\u548c\u6280\u672f\u5e72\u9884\u7a0b\u5ea6\u3002<\/li>\n<li>\u6839\u636e\u533b\u5e08\u7684\u8bc4\u4f30\u901a\u5e384\u52306\u4e2a\u6708\u4e4b\u540e\u5c31\u65e0\u9700\u518d\u6765\u8bca\u6240\u590d\u8bca\u4e86\u3002<\/li>\n<\/ol>\n<p>&nbsp;<\/p>\n<h2><strong>\u6fc0\u5149\u89d2\u819c\u524a\u5207<\/strong><\/h2>\n<h3><strong>\u624b\u672f\u8fc7\u7a0b<\/strong><\/h3>\n<ol>\n<li>\u5916\u79d1\u533b\u5e08\u53ea\u9700\u6e05\u6d01\u89d2\u819c\u8868\u9762\uff0c\u7136\u540e\u76f4\u63a5\u7528\u6fc0\u5149\u524a\u5207\u89d2\u819c\u8868\u5c42\uff0c\u4ece\u800c\u77eb\u6b63\u5c48\u5149\u5ea6\u6570\u3002<\/li>\n<li>\u624b\u672f\u65f6\u95f4\u77ed\u3002\u6e05\u6d01\u89d2\u819c\u8868\u9762\u5927\u7ea62\u5206\u949f\uff0c\u6fc0\u5149\u77eb\u6b632\u79d2\u949f\u3002<\/li>\n<\/ol>\n<p>&nbsp;<\/p>\n<h3><strong>\u4f18\u70b9<\/strong><\/h3>\n<ol>\n<li>\u76f8\u6bd4\u5176\u4ed6\u6280\u672f\uff0c\u89d2\u819c\u524a\u5207\u672f\u65e0\u9700\u5728\u89d2\u819c\u4e0a\u8fdb\u884c\u89e3\u5256\uff0c\u53ea\u662f\u7528\u6fc0\u5149\u5728\u89d2\u819c\u7684\u8868\u9762\u505a\u524a\u5207\u3002<\/li>\n<li>\u6700\u7b80\u5355\uff0c\u6700\u5feb\u901f\u7684\u6fc0\u5149\u624b\u672f\u3002<\/li>\n<li>\u5728\u60a3\u8005\u51fa\u73b0\u89d2\u819c\u8fc7\u8584\u6216\u662f\u89d2\u819c\u6bd4\u8f83\u8106\u5f31\u7684\u60c5\u51b5\u4e0b\uff0c\u89d2\u819c\u524a\u5207\u6280\u672f\u662f\u53ef\u9009\u62e9\u7684\u4e00\u9879\u6280\u672f\u4e4b\u4e00\u3002<\/li>\n<li>\u5229\u7528\u524a\u5207\u91cd\u5851\u89d2\u819c\uff0c\u6709\u5229\u4e8e\u6cea\u6db2\u5206\u6ccc\u3002<\/li>\n<\/ol>\n<p>&nbsp;<\/p>\n<h3><strong>\u672f\u540e\u6062\u590d<\/strong><\/h3>\n<ol>\n<li>\u5982\u679c\u5728\u672f\u540e\u76843\u5929\u5185\u51fa\u73b0\u4e0d\u9002\uff0c\u53ef\u4ee5\u670d\u7528\u9547\u75db\u836f\u7269\u6765\u6b62\u75db\u3002<\/li>\n<li>\u901a\u5e385\u5929\u540e\u89c6\u529b\u80fd\u591f\u6062\u590d\u523075%\uff0c\u53ef\u4ee5\u5de5\u4f5c\u4e5f\u53ef\u4ee5\u9a7e\u8f66\uff0c\u4f46\u662f\u8fd8\u4f1a\u6709\u89c6\u529b\u6a21\u7cca\u7684\u60c5\u51b5\u3002<\/li>\n<li>\u56e0\u4eba\u800c\u5f02\uff0c\u901a\u5e381\u4e2a\u6708\u5185\u60a3\u8005\u7684\u89c6\u529b\u53ef\u4ee5\u5b8c\u5168\u6062\u590d\u5230\u548cLASIK\uff0c\u98de\u79d2\u6fc0\u5149\u4e00\u6837\u7684\u6548\u679c\u3002<\/li>\n<li>\u6062\u590d\u65f6\u95f4\u4f1a\u6709\u70b9\u957f\uff0c\u4f46\u662f\u6700\u7ec8\u7684\u89c6\u89c9\u6548\u679c\u548c\u5176\u4ed6\u6280\u672f\u662f\u4e00\u6837\u7684\u3002<\/li>\n<\/ol>\n<p><strong>\u00a0<\/strong><\/p>\n<p><strong>\u00a0<\/strong><\/p>\n<p>\u6676\u4f53\u690d\u5165\u6280\u672f<\/p>\n<p>\u6676\u4f53\u690d\u5165\u662f\u9996\u5148\u6839\u636e\u6bcf\u4e00\u4f4d\u60a3\u8005\u7684\u60c5\u51b5\uff0c\u91cf\u8eab\u5b9a\u505a\u4e00\u79cd\u6bd4\u4e00\u822c\u9690\u5f62\u773c\u955c\u955c\u7247\u5c0f\u5f88\u591a\uff0c\u53c8\u6bd4\u8f83\u67d4\u8f6f\u53c8\u6709\u97e7\u6027\u7684\u955c\u7247\uff0c\u7136\u540e\u628a\u5b83\u76f4\u63a5\u690d\u5165\u8679\u819c\u548c\u773c\u775b\u6676\u72b6\u4f53\u4e4b\u95f4\u7684\u4f4d\u7f6e\uff0c\u4ece\u800c\u77eb\u6b63\u5c48\u5149\u8fd1\u89c6\u7684\u6280\u672f\u3002<\/p>\n<p>\u867d\u7136\u8fd9\u4e0d\u662f\u4e00\u9879\u590d\u6742\u7684\u6280\u672f\uff0c\u4f46\u662f\u5b83\u5bf9\u5916\u79d1\u533b\u5e08\u6280\u672f\u548c\u7ecf\u9a8c\u7684\u8981\u6c42\u662f\u975e\u5e38\u9ad8\u7684\u3002<\/p>\n<p>&nbsp;<\/p>\n<h2><strong>\u624b\u672f\u8fc7\u7a0b<\/strong><\/h2>\n<p>\u89d2\u819c\u8868\u9762\u9ebb\u9189\u540e\uff0c\u628a\u955c\u7247\u901a\u8fc72mm\u7684\u5207\u53e3\u63d2\u5165\uff0c\u7136\u540e\u5c55\u5f00\u5e76\u5e73\u653e\u5728\u773c\u775b\u81ea\u7136\u6676\u72b6\u4f53\u4e0a\u65b9\uff0c\uff08\u4e5f\u5c31\u662f\u5728\u773c\u775b\u5185\u914d\u6234\u9690\u5f62\u773c\u955c\uff09\uff0c\u4ece\u800c\u77eb\u6b63\u5c48\u5149\u5ea6\u6570\u3002<\/p>\n<p>&nbsp;<\/p>\n<h2><strong>\u4f18\u70b9<\/strong><\/h2>\n<ol>\n<li>\u5bf9\u4e8e600\u5ea6\u4ee5\u4e0a\u7684\u9ad8\u5c48\u5149\u8fd1\u89c6\u7684\u60a3\u8005\u800c\u8a00\uff0c\u8fd9\u662f\u6700\u6709\u6548\u6700\u76f4\u63a5\u7684\u77eb\u6b63\u65b9\u5f0f\u3002<\/li>\n<li>\u7531\u4e8e\u89d2\u819c\u7684\u975e\u6b63\u5e38\u60c5\u51b5\u800c\u65e0\u6cd5\u505a\u6fc0\u5149\u624b\u672f\u7684\u60a3\u8005\uff0c\u6676\u4f53\u690d\u5165\u662f\u552f\u4e00\u53ef\u884c\u7684\u77eb\u6b63\u6280\u672f\u3002<\/li>\n<li>\u672f\u540e\u8fd1\u89c6\u8fdc\u89c6\u6548\u679c\u975e\u5e38\u597d\u3002<\/li>\n<li>\u6676\u4f53\u690d\u5165\u6280\u672f\u5177\u6709\u53ef\u9006\u6027\uff0c\u4e5f\u5c31\u662f\u8bf4\u6676\u4f53\u53ef\u4ee5\u88ab\u53d6\u51fa\uff0c\u4e5f\u53ef\u4ee5\u88ab\u65b0\u7684\u6676\u4f53\u6765\u53d6\u4ee3\u3002<\/li>\n<\/ol>\n<p>&nbsp;<\/p>\n<h2><strong>\u672f\u540e\u6062\u590d<\/strong><\/h2>\n<ol>\n<li>\u6062\u590d\u76f8\u5f53\u5feb\u901f\uff0c\u4e00\u822c\u672f\u540e15\u5206\u949f\uff0c\u60a3\u8005\u5c31\u80fd\u4e0d\u914d\u6234\u773c\u955c\u81ea\u884c\u79bb\u5f00\u75c7\u6240\u3002<\/li>\n<li>\u5927\u90e8\u5206\u7684\u60c5\u51b5\u4e0b\uff0c24\u5c0f\u65f6\u540e\u60a3\u8005\u7684\u89c6\u529b\u4f1a\u6062\u590d\u5230\u548c\u914d\u6234\u773c\u955c\u4e00\u6837\u751a\u81f3\u66f4\u597d\u3002<\/li>\n<li>\u5728\u672f\u540e\u768424-48\u5c0f\u65f6\u540e\uff0c\u60a3\u8005\u5c31\u53ef\u4ee5\u6062\u590d\u6b63\u5e38\u7684\u751f\u6d3b\u548c\u5de5\u4f5c\u3002\u4f46\u662f\u8981\u907f\u514d\u6709\u5f3a\u70c8\u8eab\u4f53\u78b0\u649e\u7684\u8fd0\u52a8\u3002<\/li>\n<\/ol>\n","protected":false},"excerpt":{"rendered":"<p>\u5c48\u5149\u6fc0\u5149\u624b\u672f &nbsp; \u5c48\u5149\u6fc0\u5149\u624b\u672f\u6539\u53d8\u4e86\u6570\u4ee5\u4e07\u8ba1\u7684\u8fd1\u89c6\uff0c\u8fdc\u89c6\u548c\u6563\u5149\u60a3\u8005\u7684\u751f\u6d3b\u65b9\u5f0f\uff0c\u56e0\u4e3a\u4ed6\u4eec\u7ec8\u4e8e\u53ef\u4ee5\u4e0d\u518d\u4f9d\u8d56\u773c\u955c\u548c\u9690\u5f62\u773c\u955c\uff0c\u5c31\u80fd\u6709\u5065\u5eb7\u6b63\u5e38\u7684\u89c6\u529b\u3002 \u5728Novovision\u6211\u4eec\u4e3a\u8fd1\u89c6\uff0c\u8fdc\u89c6\u548c\u6563\u5149\u7b49\u5c48\u5149\u95ee\u9898\u63d0\u4f9b\u4e86\u4e0d\u540c\u7684\u6fc0\u5149\u6280\u672f\u3002\u5728\u63a5\u53d7\u624b\u672f\u4e4b\u524d\uff0c\u6211\u4eec\u7684\u9a8c\u5149\u533b\u5e08\u4f1a\u5bf9\u4f60\u7684\u773c\u775b\u505a\u5168\u9762\u5f7b\u5e95\u7684\u68c0\u67e5\uff0c(\u672f\u524d\u68c0\u67e5\u662f\u5b8c\u5168\u65e0\u75db\u7684)\uff0c\u83b7\u53d6\u6240\u6709\u7684\u773c\u775b\u4fe1\u606f\uff0c\u4e3a\u4e4b\u540e\u7684\u5c48\u5149\u624b\u672f\u63d0\u4f9b\u7cbe\u51c6\u548c\u5b89\u5168\u7684\u4fdd\u8bc1\u3002 \u6fc0\u5149\u6280\u672f \u51c6\u5206\u5b50\u6fc0\u5149\u624b\u672f &nbsp; \u624b\u672f\u8fc7\u7a0b\u6709\u4e24\u4e2a\u90e8\u5206 1\uff0e\u7b2c\u4e00\u6b65\u533b\u5e08\u7528\u5fae\u578b\u89d2\u819c\u5200\uff08\u9ad8\u7cbe\u5ea6\u673a\u68b0\u5200\u7247\uff09\u5728\u89d2\u819c\u7684\u6700\u4e0a\u5c42\u5236\u505a\u4e00\u4e2a\u975e\u5e38\u8584\u7684\u89d2\u819c\u74e3\u3002 2\uff0e\u5e94\u7528\u6fc0\u5149\u5728\u89d2\u819c\u57fa\u5c42\u4e0a\u9576\u78e8\uff0c\u4ece\u800c\u77eb\u6b63\u5c48\u5149\u4e0d\u6b63\u95ee\u9898\u3002\u6fc0\u5149\u5b8c\u6210\u540e\uff0c\u4e0a\u5c42\u7684\u89d2\u819c\u74e3\u4f1a\u91cd\u65b0\u653e\u56de\u89d2\u819c\u8868\u9762\uff0c\u4f7f\u89d2\u819c\u7ec6\u80de\u91cd\u65b0\u751f\u957f\u3002 [&hellip;]<\/p>\n","protected":false},"author":1,"featured_media":0,"parent":0,"menu_order":0,"comment_status":"closed","ping_status":"open","template":"","meta":{"footnotes":""},"yoast_head":"<!-- This site is optimized with the Yoast SEO plugin v22.8 - https:\/\/yoast.com\/wordpress\/plugins\/seo\/ -->\n<title>\u5173\u4e8e\u6fc0\u5149\u624b\u672f - Novovisi\u00f3n China<\/title>\n<meta name=\"robots\" content=\"index, follow, max-snippet:-1, max-image-preview:large, max-video-preview:-1\" \/>\n<link rel=\"canonical\" href=\"https:\/\/clinicanovovisionchina.com\/?page_id=21\" \/>\n<meta property=\"og:locale\" content=\"es_ES\" \/>\n<meta property=\"og:type\" content=\"article\" \/>\n<meta property=\"og:title\" content=\"\u5173\u4e8e\u6fc0\u5149\u624b\u672f - Novovisi\u00f3n China\" \/>\n<meta property=\"og:description\" content=\"\u5c48\u5149\u6fc0\u5149\u624b\u672f &nbsp; \u5c48\u5149\u6fc0\u5149\u624b\u672f\u6539\u53d8\u4e86\u6570\u4ee5\u4e07\u8ba1\u7684\u8fd1\u89c6\uff0c\u8fdc\u89c6\u548c\u6563\u5149\u60a3\u8005\u7684\u751f\u6d3b\u65b9\u5f0f\uff0c\u56e0\u4e3a\u4ed6\u4eec\u7ec8\u4e8e\u53ef\u4ee5\u4e0d\u518d\u4f9d\u8d56\u773c\u955c\u548c\u9690\u5f62\u773c\u955c\uff0c\u5c31\u80fd\u6709\u5065\u5eb7\u6b63\u5e38\u7684\u89c6\u529b\u3002 \u5728Novovision\u6211\u4eec\u4e3a\u8fd1\u89c6\uff0c\u8fdc\u89c6\u548c\u6563\u5149\u7b49\u5c48\u5149\u95ee\u9898\u63d0\u4f9b\u4e86\u4e0d\u540c\u7684\u6fc0\u5149\u6280\u672f\u3002\u5728\u63a5\u53d7\u624b\u672f\u4e4b\u524d\uff0c\u6211\u4eec\u7684\u9a8c\u5149\u533b\u5e08\u4f1a\u5bf9\u4f60\u7684\u773c\u775b\u505a\u5168\u9762\u5f7b\u5e95\u7684\u68c0\u67e5\uff0c(\u672f\u524d\u68c0\u67e5\u662f\u5b8c\u5168\u65e0\u75db\u7684)\uff0c\u83b7\u53d6\u6240\u6709\u7684\u773c\u775b\u4fe1\u606f\uff0c\u4e3a\u4e4b\u540e\u7684\u5c48\u5149\u624b\u672f\u63d0\u4f9b\u7cbe\u51c6\u548c\u5b89\u5168\u7684\u4fdd\u8bc1\u3002 \u6fc0\u5149\u6280\u672f \u51c6\u5206\u5b50\u6fc0\u5149\u624b\u672f &nbsp; \u624b\u672f\u8fc7\u7a0b\u6709\u4e24\u4e2a\u90e8\u5206 1\uff0e\u7b2c\u4e00\u6b65\u533b\u5e08\u7528\u5fae\u578b\u89d2\u819c\u5200\uff08\u9ad8\u7cbe\u5ea6\u673a\u68b0\u5200\u7247\uff09\u5728\u89d2\u819c\u7684\u6700\u4e0a\u5c42\u5236\u505a\u4e00\u4e2a\u975e\u5e38\u8584\u7684\u89d2\u819c\u74e3\u3002 2\uff0e\u5e94\u7528\u6fc0\u5149\u5728\u89d2\u819c\u57fa\u5c42\u4e0a\u9576\u78e8\uff0c\u4ece\u800c\u77eb\u6b63\u5c48\u5149\u4e0d\u6b63\u95ee\u9898\u3002\u6fc0\u5149\u5b8c\u6210\u540e\uff0c\u4e0a\u5c42\u7684\u89d2\u819c\u74e3\u4f1a\u91cd\u65b0\u653e\u56de\u89d2\u819c\u8868\u9762\uff0c\u4f7f\u89d2\u819c\u7ec6\u80de\u91cd\u65b0\u751f\u957f\u3002 [&hellip;]\" \/>\n<meta property=\"og:url\" content=\"https:\/\/clinicanovovisionchina.com\/?page_id=21\" \/>\n<meta property=\"og:site_name\" content=\"Novovisi\u00f3n China\" \/>\n<meta property=\"article:modified_time\" content=\"2019-05-28T17:07:42+00:00\" \/>\n<meta name=\"twitter:card\" content=\"summary_large_image\" \/>\n<script type=\"application\/ld+json\" class=\"yoast-schema-graph\">{\"@context\":\"https:\/\/schema.org\",\"@graph\":[{\"@type\":\"WebPage\",\"@id\":\"https:\/\/clinicanovovisionchina.com\/?page_id=21\",\"url\":\"https:\/\/clinicanovovisionchina.com\/?page_id=21\",\"name\":\"\u5173\u4e8e\u6fc0\u5149\u624b\u672f - Novovisi\u00f3n China\",\"isPartOf\":{\"@id\":\"https:\/\/clinicanovovisionchina.com\/#website\"},\"datePublished\":\"2012-07-10T10:18:40+00:00\",\"dateModified\":\"2019-05-28T17:07:42+00:00\",\"breadcrumb\":{\"@id\":\"https:\/\/clinicanovovisionchina.com\/?page_id=21#breadcrumb\"},\"inLanguage\":\"es\",\"potentialAction\":[{\"@type\":\"ReadAction\",\"target\":[\"https:\/\/clinicanovovisionchina.com\/?page_id=21\"]}]},{\"@type\":\"BreadcrumbList\",\"@id\":\"https:\/\/clinicanovovisionchina.com\/?page_id=21#breadcrumb\",\"itemListElement\":[{\"@type\":\"ListItem\",\"position\":1,\"name\":\"Portada\",\"item\":\"https:\/\/clinicanovovisionchina.com\/\"},{\"@type\":\"ListItem\",\"position\":2,\"name\":\"\u5173\u4e8e\u6fc0\u5149\u624b\u672f\"}]},{\"@type\":\"WebSite\",\"@id\":\"https:\/\/clinicanovovisionchina.com\/#website\",\"url\":\"https:\/\/clinicanovovisionchina.com\/\",\"name\":\"Novovisi\u00f3n China\",\"description\":\"Cl\u00ednica Oftalmol\u00f3gica\",\"potentialAction\":[{\"@type\":\"SearchAction\",\"target\":{\"@type\":\"EntryPoint\",\"urlTemplate\":\"https:\/\/clinicanovovisionchina.com\/?s={search_term_string}\"},\"query-input\":\"required name=search_term_string\"}],\"inLanguage\":\"es\"}]}<\/script>\n<!-- \/ Yoast SEO plugin. -->","yoast_head_json":{"title":"\u5173\u4e8e\u6fc0\u5149\u624b\u672f - Novovisi\u00f3n China","robots":{"index":"index","follow":"follow","max-snippet":"max-snippet:-1","max-image-preview":"max-image-preview:large","max-video-preview":"max-video-preview:-1"},"canonical":"https:\/\/clinicanovovisionchina.com\/?page_id=21","og_locale":"es_ES","og_type":"article","og_title":"\u5173\u4e8e\u6fc0\u5149\u624b\u672f - Novovisi\u00f3n China","og_description":"\u5c48\u5149\u6fc0\u5149\u624b\u672f &nbsp; \u5c48\u5149\u6fc0\u5149\u624b\u672f\u6539\u53d8\u4e86\u6570\u4ee5\u4e07\u8ba1\u7684\u8fd1\u89c6\uff0c\u8fdc\u89c6\u548c\u6563\u5149\u60a3\u8005\u7684\u751f\u6d3b\u65b9\u5f0f\uff0c\u56e0\u4e3a\u4ed6\u4eec\u7ec8\u4e8e\u53ef\u4ee5\u4e0d\u518d\u4f9d\u8d56\u773c\u955c\u548c\u9690\u5f62\u773c\u955c\uff0c\u5c31\u80fd\u6709\u5065\u5eb7\u6b63\u5e38\u7684\u89c6\u529b\u3002 \u5728Novovision\u6211\u4eec\u4e3a\u8fd1\u89c6\uff0c\u8fdc\u89c6\u548c\u6563\u5149\u7b49\u5c48\u5149\u95ee\u9898\u63d0\u4f9b\u4e86\u4e0d\u540c\u7684\u6fc0\u5149\u6280\u672f\u3002\u5728\u63a5\u53d7\u624b\u672f\u4e4b\u524d\uff0c\u6211\u4eec\u7684\u9a8c\u5149\u533b\u5e08\u4f1a\u5bf9\u4f60\u7684\u773c\u775b\u505a\u5168\u9762\u5f7b\u5e95\u7684\u68c0\u67e5\uff0c(\u672f\u524d\u68c0\u67e5\u662f\u5b8c\u5168\u65e0\u75db\u7684)\uff0c\u83b7\u53d6\u6240\u6709\u7684\u773c\u775b\u4fe1\u606f\uff0c\u4e3a\u4e4b\u540e\u7684\u5c48\u5149\u624b\u672f\u63d0\u4f9b\u7cbe\u51c6\u548c\u5b89\u5168\u7684\u4fdd\u8bc1\u3002 \u6fc0\u5149\u6280\u672f \u51c6\u5206\u5b50\u6fc0\u5149\u624b\u672f &nbsp; \u624b\u672f\u8fc7\u7a0b\u6709\u4e24\u4e2a\u90e8\u5206 1\uff0e\u7b2c\u4e00\u6b65\u533b\u5e08\u7528\u5fae\u578b\u89d2\u819c\u5200\uff08\u9ad8\u7cbe\u5ea6\u673a\u68b0\u5200\u7247\uff09\u5728\u89d2\u819c\u7684\u6700\u4e0a\u5c42\u5236\u505a\u4e00\u4e2a\u975e\u5e38\u8584\u7684\u89d2\u819c\u74e3\u3002 2\uff0e\u5e94\u7528\u6fc0\u5149\u5728\u89d2\u819c\u57fa\u5c42\u4e0a\u9576\u78e8\uff0c\u4ece\u800c\u77eb\u6b63\u5c48\u5149\u4e0d\u6b63\u95ee\u9898\u3002\u6fc0\u5149\u5b8c\u6210\u540e\uff0c\u4e0a\u5c42\u7684\u89d2\u819c\u74e3\u4f1a\u91cd\u65b0\u653e\u56de\u89d2\u819c\u8868\u9762\uff0c\u4f7f\u89d2\u819c\u7ec6\u80de\u91cd\u65b0\u751f\u957f\u3002 [&hellip;]","og_url":"https:\/\/clinicanovovisionchina.com\/?page_id=21","og_site_name":"Novovisi\u00f3n China","article_modified_time":"2019-05-28T17:07:42+00:00","twitter_card":"summary_large_image","schema":{"@context":"https:\/\/schema.org","@graph":[{"@type":"WebPage","@id":"https:\/\/clinicanovovisionchina.com\/?page_id=21","url":"https:\/\/clinicanovovisionchina.com\/?page_id=21","name":"\u5173\u4e8e\u6fc0\u5149\u624b\u672f - Novovisi\u00f3n China","isPartOf":{"@id":"https:\/\/clinicanovovisionchina.com\/#website"},"datePublished":"2012-07-10T10:18:40+00:00","dateModified":"2019-05-28T17:07:42+00:00","breadcrumb":{"@id":"https:\/\/clinicanovovisionchina.com\/?page_id=21#breadcrumb"},"inLanguage":"es","potentialAction":[{"@type":"ReadAction","target":["https:\/\/clinicanovovisionchina.com\/?page_id=21"]}]},{"@type":"BreadcrumbList","@id":"https:\/\/clinicanovovisionchina.com\/?page_id=21#breadcrumb","itemListElement":[{"@type":"ListItem","position":1,"name":"Portada","item":"https:\/\/clinicanovovisionchina.com\/"},{"@type":"ListItem","position":2,"name":"\u5173\u4e8e\u6fc0\u5149\u624b\u672f"}]},{"@type":"WebSite","@id":"https:\/\/clinicanovovisionchina.com\/#website","url":"https:\/\/clinicanovovisionchina.com\/","name":"Novovisi\u00f3n China","description":"Cl\u00ednica Oftalmol\u00f3gica","potentialAction":[{"@type":"SearchAction","target":{"@type":"EntryPoint","urlTemplate":"https:\/\/clinicanovovisionchina.com\/?s={search_term_string}"},"query-input":"required name=search_term_string"}],"inLanguage":"es"}]}},"_links":{"self":[{"href":"https:\/\/clinicanovovisionchina.com\/index.php?rest_route=\/wp\/v2\/pages\/21"}],"collection":[{"href":"https:\/\/clinicanovovisionchina.com\/index.php?rest_route=\/wp\/v2\/pages"}],"about":[{"href":"https:\/\/clinicanovovisionchina.com\/index.php?rest_route=\/wp\/v2\/types\/page"}],"author":[{"embeddable":true,"href":"https:\/\/clinicanovovisionchina.com\/index.php?rest_route=\/wp\/v2\/users\/1"}],"replies":[{"embeddable":true,"href":"https:\/\/clinicanovovisionchina.com\/index.php?rest_route=%2Fwp%2Fv2%2Fcomments&post=21"}],"version-history":[{"count":8,"href":"https:\/\/clinicanovovisionchina.com\/index.php?rest_route=\/wp\/v2\/pages\/21\/revisions"}],"predecessor-version":[{"id":148,"href":"https:\/\/clinicanovovisionchina.com\/index.php?rest_route=\/wp\/v2\/pages\/21\/revisions\/148"}],"wp:attachment":[{"href":"https:\/\/clinicanovovisionchina.com\/index.php?rest_route=%2Fwp%2Fv2%2Fmedia&parent=21"}],"curies":[{"name":"wp","href":"https:\/\/api.w.org\/{rel}","templated":true}]}}