{"id":19,"date":"2012-07-10T10:10:42","date_gmt":"2012-07-10T10:10:42","guid":{"rendered":"http:\/\/clinicanovovisionchina.com\/?page_id=19"},"modified":"2019-05-28T17:30:49","modified_gmt":"2019-05-28T17:30:49","slug":"%e4%b8%ba%e4%bb%80%e4%b9%88%e8%a6%81%e9%80%89%e6%8b%a9%e5%9c%a8novovision%e5%8a%a8%e6%89%8b%e6%9c%af%ef%bc%9f","status":"publish","type":"page","link":"https:\/\/clinicanovovisionchina.com\/?page_id=19","title":{"rendered":"\u4e3a\u4ec0\u4e48\u8981\u9009\u62e9\u5728NOVOVISI\u00d3N\u52a8\u624b\u672f\uff1f"},"content":{"rendered":"<div class=\"fusion-fullwidth fullwidth-box fusion-builder-row-1 nonhundred-percent-fullwidth non-hundred-percent-height-scrolling\" style=\"--awb-border-radius-top-left:0px;--awb-border-radius-top-right:0px;--awb-border-radius-bottom-right:0px;--awb-border-radius-bottom-left:0px;--awb-flex-wrap:wrap;\" ><div class=\"fusion-builder-row fusion-row\"><div class=\"fusion-layout-column fusion_builder_column fusion-builder-column-0 fusion_builder_column_1_1 1_1 fusion-one-full fusion-column-first fusion-column-last\" style=\"--awb-bg-size:cover;--awb-margin-bottom:0px;\"><div class=\"fusion-column-wrapper fusion-flex-column-wrapper-legacy\"><div class=\"fusion-text fusion-text-1\"><p>Novovision\u627f\u8bfa\u643a\u624b\u4e0e\u60a3\u8005\u4e00\u8d77\u6539\u5584\u548c\u786e\u4fdd\u4f60\u4eec\u7684\u89c6\u529b\u5065\u5eb7\u3002\u60a3\u8005\u548c\u6211\u4eec\u7b7e\u8ba2\u624b\u672f\u5408\u540c\u540e\uff0c\u6211\u4eec\u4f1a\u5bf9\u6bcf\u4e00\u60a3\u8005\u505a\u5168\u9762\u7684\u773c\u90e8\u68c0\u67e5\uff0c\u505a\u51fa\u8be6\u7ec6\u7684\u6cbb\u7597\u65b9\u6848\uff0c\u4ece\u800c\u907f\u514d\u672f\u540e\u89c6\u529b\u65e0\u6cd5\u8fbe\u5230\u9884\u671f\u7684\u6548\u679c\uff0c\u6216\u8005\u4ecd\u7136\u9700\u8981\u914d\u6234\u773c\u955c\u6216\u9690\u5f62\u773c\u955c\u6765\u8f85\u52a9\u89c6\u529b\u7684\u95ee\u9898\u3002\u5e2e\u52a9\u60a3\u8005\u83b7\u5f97\u6700\u597d\u7684\u89c6\u529b\u6062\u590d\u6548\u679c\u662f\u6211\u4eec\u4e00\u76f4\u73cd\u89c6\u7684\u76ee\u6807\u3002<\/p>\n<p>\u9664\u4e86\u9ad8\u7d20\u8d28\u7684\u533b\u7597\u56e2\u961f\u5916\uff0c\u6211\u4eec\u4e5f\u627f\u8bfa\u8fd0\u7528\u6700\u5c16\u7aef\u7684\u6280\u672f\u6765\u89e3\u51b3\u60a3\u8005\u7684\u773c\u79d1\u95ee\u9898\u3002<\/p>\n<\/div><div class=\"fusion-sep-clear\"><\/div><div class=\"fusion-separator fusion-full-width-sep\" style=\"margin-left: auto;margin-right: auto;margin-bottom:20px;width:100%;\"><div class=\"fusion-separator-border sep-double\" style=\"--awb-height:20px;--awb-amount:20px;border-color:#e0dede;border-top-width:0px;border-bottom-width:0px;\"><\/div><\/div><div class=\"fusion-sep-clear\"><\/div><div class=\"fusion-social-links fusion-social-links-1\" style=\"--awb-margin-top:0px;--awb-margin-right:0px;--awb-margin-bottom:0px;--awb-margin-left:0px;--awb-box-border-top:0px;--awb-box-border-right:0px;--awb-box-border-bottom:0px;--awb-box-border-left:0px;--awb-icon-colors-hover:rgba(190,189,189,0.8);--awb-box-colors-hover:rgba(232,232,232,0.8);--awb-box-border-color:var(--awb-color3);--awb-box-border-color-hover:var(--awb-color4);\"><div class=\"fusion-social-networks boxed-icons color-type-custom\"><div class=\"fusion-social-networks-wrapper\"><a class=\"fusion-social-network-icon fusion-tooltip fusion-facebook awb-icon-facebook\" style=\"color:#ffffff;font-size:16px;width:16px;background-color:#00224f;border-color:#00224f;border-radius:10px;\" data-placement=\"top\" data-title=\"Facebook\" data-toggle=\"tooltip\" title=\"Facebook\" aria-label=\"facebook\" target=\"_blank\" rel=\"noopener noreferrer\" href=\"https:\/\/www.facebook.com\/clinicanovovision\/\"><\/a><a class=\"fusion-social-network-icon fusion-tooltip fusion-twitter awb-icon-twitter\" style=\"color:#ffffff;font-size:16px;width:16px;background-color:#00224f;border-color:#00224f;border-radius:10px;\" data-placement=\"top\" data-title=\"X\" data-toggle=\"tooltip\" title=\"X\" aria-label=\"twitter\" target=\"_blank\" rel=\"noopener noreferrer\" href=\"https:\/\/twitter.com\/NovovisionEsp\"><\/a><a class=\"fusion-social-network-icon fusion-tooltip fusion-instagram awb-icon-instagram\" style=\"color:#ffffff;font-size:16px;width:16px;background-color:#00224f;border-color:#00224f;border-radius:10px;\" data-placement=\"top\" data-title=\"Instagram\" data-toggle=\"tooltip\" title=\"Instagram\" aria-label=\"instagram\" target=\"_blank\" rel=\"noopener noreferrer\" href=\"https:\/\/www.instagram.com\/clinica_novovision\/\"><\/a><a class=\"fusion-social-network-icon fusion-tooltip fusion-youtube awb-icon-youtube\" style=\"color:#ffffff;font-size:16px;width:16px;background-color:#00224f;border-color:#00224f;border-radius:10px;\" data-placement=\"top\" data-title=\"YouTube\" data-toggle=\"tooltip\" title=\"YouTube\" aria-label=\"youtube\" target=\"_blank\" rel=\"noopener noreferrer\" href=\"https:\/\/www.youtube.com\/channel\/UCB2vLDlEEtXATY8ldT9xmZg\"><\/a><a class=\"fusion-social-network-icon fusion-tooltip fusion-linkedin awb-icon-linkedin\" style=\"color:#ffffff;font-size:16px;width:16px;background-color:#00224f;border-color:#00224f;border-radius:10px;\" data-placement=\"top\" data-title=\"LinkedIn\" data-toggle=\"tooltip\" title=\"LinkedIn\" aria-label=\"linkedin\" target=\"_blank\" rel=\"noopener noreferrer\" href=\"https:\/\/www.linkedin.com\/company\/novovisi-n\"><\/a><\/div><\/div><\/div><div class=\"fusion-clearfix\"><\/div><\/div><\/div><\/div><\/div>\n","protected":false},"excerpt":{"rendered":"","protected":false},"author":1,"featured_media":0,"parent":0,"menu_order":0,"comment_status":"closed","ping_status":"open","template":"","meta":{"footnotes":""},"yoast_head":"<!-- This site is optimized with the Yoast SEO plugin v22.8 - https:\/\/yoast.com\/wordpress\/plugins\/seo\/ -->\n<title>\u4e3a\u4ec0\u4e48\u8981\u9009\u62e9\u5728NOVOVISI\u00d3N\u52a8\u624b\u672f\uff1f - Novovisi\u00f3n China<\/title>\n<meta name=\"robots\" content=\"index, follow, max-snippet:-1, max-image-preview:large, max-video-preview:-1\" \/>\n<link rel=\"canonical\" href=\"https:\/\/clinicanovovisionchina.com\/?page_id=19\" \/>\n<meta property=\"og:locale\" content=\"es_ES\" \/>\n<meta property=\"og:type\" content=\"article\" \/>\n<meta property=\"og:title\" content=\"\u4e3a\u4ec0\u4e48\u8981\u9009\u62e9\u5728NOVOVISI\u00d3N\u52a8\u624b\u672f\uff1f - Novovisi\u00f3n China\" \/>\n<meta property=\"og:url\" content=\"https:\/\/clinicanovovisionchina.com\/?page_id=19\" \/>\n<meta property=\"og:site_name\" content=\"Novovisi\u00f3n China\" \/>\n<meta property=\"article:modified_time\" content=\"2019-05-28T17:30:49+00:00\" \/>\n<meta name=\"twitter:card\" content=\"summary_large_image\" \/>\n<meta name=\"twitter:label1\" content=\"Tiempo de lectura\" \/>\n\t<meta name=\"twitter:data1\" content=\"1 minuto\" \/>\n<script type=\"application\/ld+json\" class=\"yoast-schema-graph\">{\"@context\":\"https:\/\/schema.org\",\"@graph\":[{\"@type\":\"WebPage\",\"@id\":\"https:\/\/clinicanovovisionchina.com\/?page_id=19\",\"url\":\"https:\/\/clinicanovovisionchina.com\/?page_id=19\",\"name\":\"\u4e3a\u4ec0\u4e48\u8981\u9009\u62e9\u5728NOVOVISI\u00d3N\u52a8\u624b\u672f\uff1f - Novovisi\u00f3n China\",\"isPartOf\":{\"@id\":\"https:\/\/clinicanovovisionchina.com\/#website\"},\"datePublished\":\"2012-07-10T10:10:42+00:00\",\"dateModified\":\"2019-05-28T17:30:49+00:00\",\"breadcrumb\":{\"@id\":\"https:\/\/clinicanovovisionchina.com\/?page_id=19#breadcrumb\"},\"inLanguage\":\"es\",\"potentialAction\":[{\"@type\":\"ReadAction\",\"target\":[\"https:\/\/clinicanovovisionchina.com\/?page_id=19\"]}]},{\"@type\":\"BreadcrumbList\",\"@id\":\"https:\/\/clinicanovovisionchina.com\/?page_id=19#breadcrumb\",\"itemListElement\":[{\"@type\":\"ListItem\",\"position\":1,\"name\":\"Portada\",\"item\":\"https:\/\/clinicanovovisionchina.com\/\"},{\"@type\":\"ListItem\",\"position\":2,\"name\":\"\u4e3a\u4ec0\u4e48\u8981\u9009\u62e9\u5728NOVOVISI\u00d3N\u52a8\u624b\u672f\uff1f\"}]},{\"@type\":\"WebSite\",\"@id\":\"https:\/\/clinicanovovisionchina.com\/#website\",\"url\":\"https:\/\/clinicanovovisionchina.com\/\",\"name\":\"Novovisi\u00f3n China\",\"description\":\"Cl\u00ednica Oftalmol\u00f3gica\",\"potentialAction\":[{\"@type\":\"SearchAction\",\"target\":{\"@type\":\"EntryPoint\",\"urlTemplate\":\"https:\/\/clinicanovovisionchina.com\/?s={search_term_string}\"},\"query-input\":\"required name=search_term_string\"}],\"inLanguage\":\"es\"}]}<\/script>\n<!-- \/ Yoast SEO plugin. -->","yoast_head_json":{"title":"\u4e3a\u4ec0\u4e48\u8981\u9009\u62e9\u5728NOVOVISI\u00d3N\u52a8\u624b\u672f\uff1f - Novovisi\u00f3n China","robots":{"index":"index","follow":"follow","max-snippet":"max-snippet:-1","max-image-preview":"max-image-preview:large","max-video-preview":"max-video-preview:-1"},"canonical":"https:\/\/clinicanovovisionchina.com\/?page_id=19","og_locale":"es_ES","og_type":"article","og_title":"\u4e3a\u4ec0\u4e48\u8981\u9009\u62e9\u5728NOVOVISI\u00d3N\u52a8\u624b\u672f\uff1f - Novovisi\u00f3n China","og_url":"https:\/\/clinicanovovisionchina.com\/?page_id=19","og_site_name":"Novovisi\u00f3n China","article_modified_time":"2019-05-28T17:30:49+00:00","twitter_card":"summary_large_image","twitter_misc":{"Tiempo de lectura":"1 minuto"},"schema":{"@context":"https:\/\/schema.org","@graph":[{"@type":"WebPage","@id":"https:\/\/clinicanovovisionchina.com\/?page_id=19","url":"https:\/\/clinicanovovisionchina.com\/?page_id=19","name":"\u4e3a\u4ec0\u4e48\u8981\u9009\u62e9\u5728NOVOVISI\u00d3N\u52a8\u624b\u672f\uff1f - Novovisi\u00f3n China","isPartOf":{"@id":"https:\/\/clinicanovovisionchina.com\/#website"},"datePublished":"2012-07-10T10:10:42+00:00","dateModified":"2019-05-28T17:30:49+00:00","breadcrumb":{"@id":"https:\/\/clinicanovovisionchina.com\/?page_id=19#breadcrumb"},"inLanguage":"es","potentialAction":[{"@type":"ReadAction","target":["https:\/\/clinicanovovisionchina.com\/?page_id=19"]}]},{"@type":"BreadcrumbList","@id":"https:\/\/clinicanovovisionchina.com\/?page_id=19#breadcrumb","itemListElement":[{"@type":"ListItem","position":1,"name":"Portada","item":"https:\/\/clinicanovovisionchina.com\/"},{"@type":"ListItem","position":2,"name":"\u4e3a\u4ec0\u4e48\u8981\u9009\u62e9\u5728NOVOVISI\u00d3N\u52a8\u624b\u672f\uff1f"}]},{"@type":"WebSite","@id":"https:\/\/clinicanovovisionchina.com\/#website","url":"https:\/\/clinicanovovisionchina.com\/","name":"Novovisi\u00f3n China","description":"Cl\u00ednica Oftalmol\u00f3gica","potentialAction":[{"@type":"SearchAction","target":{"@type":"EntryPoint","urlTemplate":"https:\/\/clinicanovovisionchina.com\/?s={search_term_string}"},"query-input":"required name=search_term_string"}],"inLanguage":"es"}]}},"_links":{"self":[{"href":"https:\/\/clinicanovovisionchina.com\/index.php?rest_route=\/wp\/v2\/pages\/19"}],"collection":[{"href":"https:\/\/clinicanovovisionchina.com\/index.php?rest_route=\/wp\/v2\/pages"}],"about":[{"href":"https:\/\/clinicanovovisionchina.com\/index.php?rest_route=\/wp\/v2\/types\/page"}],"author":[{"embeddable":true,"href":"https:\/\/clinicanovovisionchina.com\/index.php?rest_route=\/wp\/v2\/users\/1"}],"replies":[{"embeddable":true,"href":"https:\/\/clinicanovovisionchina.com\/index.php?rest_route=%2Fwp%2Fv2%2Fcomments&post=19"}],"version-history":[{"count":7,"href":"https:\/\/clinicanovovisionchina.com\/index.php?rest_route=\/wp\/v2\/pages\/19\/revisions"}],"predecessor-version":[{"id":157,"href":"https:\/\/clinicanovovisionchina.com\/index.php?rest_route=\/wp\/v2\/pages\/19\/revisions\/157"}],"wp:attachment":[{"href":"https:\/\/clinicanovovisionchina.com\/index.php?rest_route=%2Fwp%2Fv2%2Fmedia&parent=19"}],"curies":[{"name":"wp","href":"https:\/\/api.w.org\/{rel}","templated":true}]}}